{"id":14,"date":"2024-05-10T11:11:13","date_gmt":"2024-05-10T11:11:13","guid":{"rendered":"http:\/\/www.pastordasshetland.pt\/?page_id=14"},"modified":"2025-07-01T10:27:01","modified_gmt":"2025-07-01T10:27:01","slug":"ninhadas","status":"publish","type":"page","link":"http:\/\/www.pastordasshetland.pt\/?page_id=14","title":{"rendered":"Ninhadas"},"content":{"rendered":"\n<p>Informa\u00e7\u00f5es sobre nossas ninhadas Sheltie atuais e planejadas:<\/p>\n\n\n\n<h5 class=\"wp-block-heading has-text-align-center\">Ninhadas planejadas 2025<\/h5>\n\n\n\n<h4 class=\"wp-block-heading has-text-align-center\"><strong>IN\u00cdCIO DE JULHO (entrega NO IN\u00cdCIO DE SETEMBRO)<\/strong><\/h4>\n\n\n\n<p class=\"has-text-align-center\"><strong><mark style=\"background-color:rgba(0, 0, 0, 0)\" class=\"has-inline-color has-vivid-red-color\">GRAVIDEZ CONFIRMADA POR ULTRASSONOGRAFIA. (RESERVAS ENCERRADAS)<\/mark><\/strong><\/p>\n\n\n\n<p class=\"has-text-align-center\"><em>Dado o n\u00famero de reservas, n\u00e3o s\u00e3o aceites mais para esta ninhada, ser\u00e1 reaberta a nascimentos caso existam mais crias do que as reservadas.<\/em><\/p>\n\n\n\n<p class=\"has-text-align-center\"><a href=\"https:\/\/www.asturshelkiekennel.com\/camadadepastordeshetlands2\/\"><strong>Repeti\u00e7\u00e3o de ninhada S2<\/strong><\/a><\/p>\n\n\n\n<p class=\"has-text-align-center\"><em>Possibilidade de cachorros de sable e tricolor<\/em><\/p>\n\n\n\n<p class=\"has-text-align-center\"><strong>M\u00e3e: <a href=\"http:\/\/www.asturshelkiekennel.com\/siri\">Siri<\/a><\/strong><\/p>\n\n\n<div class=\"wp-block-image\">\n<figure class=\"aligncenter\"><img decoding=\"async\" src=\"http:\/\/www.asturshelkiekennel.com\/wp-content\/uploads\/2022\/11\/sheltie_tricolor_asturshelkie_siri-300x200.jpg\" alt=\"\" class=\"wp-image-2991\"\/><\/figure>\n<\/div>\n\n\n<p class=\"has-text-align-center\"><strong>Pai: <a href=\"http:\/\/www.asturshelkiekennel.com\/santi\">Santi<\/a><\/strong><\/p>\n\n\n<div class=\"wp-block-image\">\n<figure class=\"aligncenter\"><a href=\"http:\/\/www.asturshelkiekennel.com\/santi\/\"><img decoding=\"async\" src=\"http:\/\/www.asturshelkiekennel.com\/wp-content\/uploads\/2025\/06\/2A4A0349-71E7-42E6-8077-97C4CF47951B-300x200.jpeg\" alt=\"\" class=\"wp-image-3670\"\/><\/a><\/figure>\n<\/div>\n\n\n<h4 class=\"wp-block-heading has-text-align-center\"><strong>Fim de julho (ENTREGA FIM DE SETEMBRO)<\/strong><\/h4>\n\n\n\n<p class=\"has-text-align-center\"><strong><mark style=\"background-color:rgba(0, 0, 0, 0)\" class=\"has-inline-color has-vivid-red-color\">RESERVAS ABERTAS<\/mark><\/strong><\/p>\n\n\n\n<p class=\"has-text-align-center\"><strong><mark style=\"background-color:rgba(0, 0, 0, 0)\" class=\"has-inline-color has-vivid-red-color\">GRAVIDEZ CONFIRMADA POR ULTRASSONOGRAFIA<\/mark><\/strong><\/p>\n\n\n\n<p><em>POSSIBILIDADE DE TODAS AS CORES; Sable, Tricolor, Azul Merle, Sable Merle, BiBlue e BiBlack<\/em><\/p>\n\n\n\n<p class=\"has-text-align-center\"><strong>M\u00e3e: <a href=\"http:\/\/www.asturshelkiekennel.com\/easy\">Easy<\/a><\/strong><\/p>\n\n\n<div class=\"wp-block-image\">\n<figure class=\"aligncenter\"><img decoding=\"async\" src=\"http:\/\/www.asturshelkiekennel.com\/wp-content\/uploads\/2024\/07\/Criador_pastordeshetland-300x200.jpg\" alt=\"\" class=\"wp-image-3411\"\/><\/figure>\n<\/div>\n\n\n<p><\/p>\n\n\n\n<p class=\"has-text-align-center\"><strong>Pai: <a href=\"http:\/\/www.asturshelkiekennel.com\/denver\">Denver<\/a><\/strong><\/p>\n\n\n<div class=\"wp-block-image\">\n<figure class=\"aligncenter\"><img decoding=\"async\" src=\"http:\/\/www.asturshelkiekennel.com\/wp-content\/uploads\/2013\/03\/asturshelkie_blackcodeliceliette-300x200.jpg\" alt=\"\" class=\"wp-image-2603\"\/><\/figure>\n<\/div>\n\n\n<p class=\"has-text-align-center\"><\/p>\n\n\n\n<p class=\"has-text-align-center\"><\/p>\n\n\n\n<hr class=\"wp-block-separator has-alpha-channel-opacity\"\/>\n\n\n\n<p><strong>Para mais informa\u00e7\u00f5es contacte-nos em asturshelkie@gmail.com, sendo imprescind\u00edvel anexar o nosso <a href=\"http:\/\/www.pastordasshetland.pt\/?page_id=40\">question\u00e1rio<\/a> para receber qualquer tipo de informa\u00e7\u00e3o.<\/strong><\/p>\n\n\n\n<p><strong>N\u00e3o temos cachorros durante todo o ano e n\u00e3o somos uma loja de animais, por isso \u00e9 importante recebermos esta informa\u00e7\u00e3o sobre as fam\u00edlias interessadas para podermos selecionar os mais adequados de acordo com os nossos princ\u00edpios.<\/strong><\/p>\n","protected":false},"excerpt":{"rendered":"<p>Informa\u00e7\u00f5es sobre nossas ninhadas Sheltie atuais e planejadas: Ninhadas planejadas 2025 IN\u00cdCIO DE JULHO (entrega NO IN\u00cdCIO DE SETEMBRO) GRAVIDEZ CONFIRMADA POR ULTRASSONOGRAFIA. (RESERVAS ENCERRADAS) Dado o n\u00famero de reservas, n\u00e3o s\u00e3o aceites mais para esta ninhada, ser\u00e1 reaberta a nascimentos caso existam mais crias do que as reservadas. Repeti\u00e7\u00e3o de ninhada S2 Possibilidade de [&hellip;]<\/p>\n","protected":false},"author":1,"featured_media":0,"parent":0,"menu_order":0,"comment_status":"closed","ping_status":"closed","template":"","meta":{"footnotes":""},"class_list":["post-14","page","type-page","status-publish","hentry"],"yoast_head":"<!-- This site is optimized with the Yoast SEO plugin v22.6 - https:\/\/yoast.com\/wordpress\/plugins\/seo\/ -->\n<title>Ninhadas - Shelties Asturshelkie<\/title>\n<meta name=\"description\" content=\"Informa\u00e7\u00f5es sobre nossas ninhadas Sheltie atuais e planejadas, \u00c7ao de Pastor das Shetland o Shetland Sheepdog.\" \/>\n<meta name=\"robots\" content=\"index, follow, max-snippet:-1, max-image-preview:large, max-video-preview:-1\" \/>\n<link rel=\"canonical\" href=\"http:\/\/www.pastordasshetland.pt\/?page_id=14\" \/>\n<meta property=\"og:locale\" content=\"en_US\" \/>\n<meta property=\"og:type\" content=\"article\" \/>\n<meta property=\"og:title\" content=\"Ninhadas - Shelties Asturshelkie\" \/>\n<meta property=\"og:description\" content=\"Informa\u00e7\u00f5es sobre nossas ninhadas Sheltie atuais e planejadas, \u00c7ao de Pastor das Shetland o Shetland Sheepdog.\" \/>\n<meta property=\"og:url\" content=\"http:\/\/www.pastordasshetland.pt\/?page_id=14\" \/>\n<meta property=\"og:site_name\" content=\"Shelties Asturshelkie\" \/>\n<meta property=\"article:publisher\" content=\"https:\/\/www.facebook.com\/asturshelkie.shelties\/?locale=es_ES\" \/>\n<meta property=\"article:modified_time\" content=\"2025-07-01T10:27:01+00:00\" \/>\n<meta property=\"og:image\" content=\"http:\/\/www.asturshelkiekennel.com\/wp-content\/uploads\/2022\/11\/sheltie_tricolor_asturshelkie_siri-300x200.jpg\" \/>\n<meta name=\"twitter:card\" content=\"summary_large_image\" \/>\n<meta name=\"twitter:label1\" content=\"Est. reading time\" \/>\n\t<meta name=\"twitter:data1\" content=\"2 minutes\" \/>\n<script type=\"application\/ld+json\" class=\"yoast-schema-graph\">{\"@context\":\"https:\/\/schema.org\",\"@graph\":[{\"@type\":\"WebPage\",\"@id\":\"http:\/\/www.pastordasshetland.pt\/?page_id=14\",\"url\":\"http:\/\/www.pastordasshetland.pt\/?page_id=14\",\"name\":\"Ninhadas - Shelties Asturshelkie\",\"isPartOf\":{\"@id\":\"http:\/\/www.pastordasshetland.pt\/#website\"},\"primaryImageOfPage\":{\"@id\":\"http:\/\/www.pastordasshetland.pt\/?page_id=14#primaryimage\"},\"image\":{\"@id\":\"http:\/\/www.pastordasshetland.pt\/?page_id=14#primaryimage\"},\"thumbnailUrl\":\"http:\/\/www.asturshelkiekennel.com\/wp-content\/uploads\/2022\/11\/sheltie_tricolor_asturshelkie_siri-300x200.jpg\",\"datePublished\":\"2024-05-10T11:11:13+00:00\",\"dateModified\":\"2025-07-01T10:27:01+00:00\",\"description\":\"Informa\u00e7\u00f5es sobre nossas ninhadas Sheltie atuais e planejadas, \u00c7ao de Pastor das Shetland o Shetland Sheepdog.\",\"breadcrumb\":{\"@id\":\"http:\/\/www.pastordasshetland.pt\/?page_id=14#breadcrumb\"},\"inLanguage\":\"en-US\",\"potentialAction\":[{\"@type\":\"ReadAction\",\"target\":[\"http:\/\/www.pastordasshetland.pt\/?page_id=14\"]}]},{\"@type\":\"ImageObject\",\"inLanguage\":\"en-US\",\"@id\":\"http:\/\/www.pastordasshetland.pt\/?page_id=14#primaryimage\",\"url\":\"http:\/\/www.asturshelkiekennel.com\/wp-content\/uploads\/2022\/11\/sheltie_tricolor_asturshelkie_siri-300x200.jpg\",\"contentUrl\":\"http:\/\/www.asturshelkiekennel.com\/wp-content\/uploads\/2022\/11\/sheltie_tricolor_asturshelkie_siri-300x200.jpg\"},{\"@type\":\"BreadcrumbList\",\"@id\":\"http:\/\/www.pastordasshetland.pt\/?page_id=14#breadcrumb\",\"itemListElement\":[{\"@type\":\"ListItem\",\"position\":1,\"name\":\"Portada\",\"item\":\"http:\/\/www.pastordasshetland.pt\/\"},{\"@type\":\"ListItem\",\"position\":2,\"name\":\"Ninhadas\"}]},{\"@type\":\"WebSite\",\"@id\":\"http:\/\/www.pastordasshetland.pt\/#website\",\"url\":\"http:\/\/www.pastordasshetland.pt\/\",\"name\":\"Shelties Asturshelkie\",\"description\":\"Canil de C\u00e3o de Pastor das Shetland\",\"potentialAction\":[{\"@type\":\"SearchAction\",\"target\":{\"@type\":\"EntryPoint\",\"urlTemplate\":\"http:\/\/www.pastordasshetland.pt\/?s={search_term_string}\"},\"query-input\":\"required name=search_term_string\"}],\"inLanguage\":\"en-US\"}]}<\/script>\n<!-- \/ Yoast SEO plugin. -->","yoast_head_json":{"title":"Ninhadas - Shelties Asturshelkie","description":"Informa\u00e7\u00f5es sobre nossas ninhadas Sheltie atuais e planejadas, \u00c7ao de Pastor das Shetland o Shetland Sheepdog.","robots":{"index":"index","follow":"follow","max-snippet":"max-snippet:-1","max-image-preview":"max-image-preview:large","max-video-preview":"max-video-preview:-1"},"canonical":"http:\/\/www.pastordasshetland.pt\/?page_id=14","og_locale":"en_US","og_type":"article","og_title":"Ninhadas - Shelties Asturshelkie","og_description":"Informa\u00e7\u00f5es sobre nossas ninhadas Sheltie atuais e planejadas, \u00c7ao de Pastor das Shetland o Shetland Sheepdog.","og_url":"http:\/\/www.pastordasshetland.pt\/?page_id=14","og_site_name":"Shelties Asturshelkie","article_publisher":"https:\/\/www.facebook.com\/asturshelkie.shelties\/?locale=es_ES","article_modified_time":"2025-07-01T10:27:01+00:00","og_image":[{"url":"http:\/\/www.asturshelkiekennel.com\/wp-content\/uploads\/2022\/11\/sheltie_tricolor_asturshelkie_siri-300x200.jpg"}],"twitter_card":"summary_large_image","twitter_misc":{"Est. reading time":"2 minutes"},"schema":{"@context":"https:\/\/schema.org","@graph":[{"@type":"WebPage","@id":"http:\/\/www.pastordasshetland.pt\/?page_id=14","url":"http:\/\/www.pastordasshetland.pt\/?page_id=14","name":"Ninhadas - Shelties Asturshelkie","isPartOf":{"@id":"http:\/\/www.pastordasshetland.pt\/#website"},"primaryImageOfPage":{"@id":"http:\/\/www.pastordasshetland.pt\/?page_id=14#primaryimage"},"image":{"@id":"http:\/\/www.pastordasshetland.pt\/?page_id=14#primaryimage"},"thumbnailUrl":"http:\/\/www.asturshelkiekennel.com\/wp-content\/uploads\/2022\/11\/sheltie_tricolor_asturshelkie_siri-300x200.jpg","datePublished":"2024-05-10T11:11:13+00:00","dateModified":"2025-07-01T10:27:01+00:00","description":"Informa\u00e7\u00f5es sobre nossas ninhadas Sheltie atuais e planejadas, \u00c7ao de Pastor das Shetland o Shetland Sheepdog.","breadcrumb":{"@id":"http:\/\/www.pastordasshetland.pt\/?page_id=14#breadcrumb"},"inLanguage":"en-US","potentialAction":[{"@type":"ReadAction","target":["http:\/\/www.pastordasshetland.pt\/?page_id=14"]}]},{"@type":"ImageObject","inLanguage":"en-US","@id":"http:\/\/www.pastordasshetland.pt\/?page_id=14#primaryimage","url":"http:\/\/www.asturshelkiekennel.com\/wp-content\/uploads\/2022\/11\/sheltie_tricolor_asturshelkie_siri-300x200.jpg","contentUrl":"http:\/\/www.asturshelkiekennel.com\/wp-content\/uploads\/2022\/11\/sheltie_tricolor_asturshelkie_siri-300x200.jpg"},{"@type":"BreadcrumbList","@id":"http:\/\/www.pastordasshetland.pt\/?page_id=14#breadcrumb","itemListElement":[{"@type":"ListItem","position":1,"name":"Portada","item":"http:\/\/www.pastordasshetland.pt\/"},{"@type":"ListItem","position":2,"name":"Ninhadas"}]},{"@type":"WebSite","@id":"http:\/\/www.pastordasshetland.pt\/#website","url":"http:\/\/www.pastordasshetland.pt\/","name":"Shelties Asturshelkie","description":"Canil de C\u00e3o de Pastor das Shetland","potentialAction":[{"@type":"SearchAction","target":{"@type":"EntryPoint","urlTemplate":"http:\/\/www.pastordasshetland.pt\/?s={search_term_string}"},"query-input":"required name=search_term_string"}],"inLanguage":"en-US"}]}},"_links":{"self":[{"href":"http:\/\/www.pastordasshetland.pt\/index.php?rest_route=\/wp\/v2\/pages\/14","targetHints":{"allow":["GET"]}}],"collection":[{"href":"http:\/\/www.pastordasshetland.pt\/index.php?rest_route=\/wp\/v2\/pages"}],"about":[{"href":"http:\/\/www.pastordasshetland.pt\/index.php?rest_route=\/wp\/v2\/types\/page"}],"author":[{"embeddable":true,"href":"http:\/\/www.pastordasshetland.pt\/index.php?rest_route=\/wp\/v2\/users\/1"}],"replies":[{"embeddable":true,"href":"http:\/\/www.pastordasshetland.pt\/index.php?rest_route=%2Fwp%2Fv2%2Fcomments&post=14"}],"version-history":[{"count":9,"href":"http:\/\/www.pastordasshetland.pt\/index.php?rest_route=\/wp\/v2\/pages\/14\/revisions"}],"predecessor-version":[{"id":97,"href":"http:\/\/www.pastordasshetland.pt\/index.php?rest_route=\/wp\/v2\/pages\/14\/revisions\/97"}],"wp:attachment":[{"href":"http:\/\/www.pastordasshetland.pt\/index.php?rest_route=%2Fwp%2Fv2%2Fmedia&parent=14"}],"curies":[{"name":"wp","href":"https:\/\/api.w.org\/{rel}","templated":true}]}}